{"id":11,"date":"2019-11-27T10:39:55","date_gmt":"2019-11-27T07:39:55","guid":{"rendered":"http:\/\/merkezankastre.com\/?page_id=11"},"modified":"2019-11-27T11:23:14","modified_gmt":"2019-11-27T08:23:14","slug":"kurumsal","status":"publish","type":"page","link":"https:\/\/merkezankastre.com\/index.php\/kurumsal\/","title":{"rendered":"KURUMSAL"},"content":{"rendered":"<!--[html]--><style><\/style><div class=\"bd-tagstyles  additional-class-1508618043 \"><div class=\"bd-container-inner bd-content-element\"><!--{content}-->14 y\u0131ll\u0131k tecr\u00fcbe sonunda, m\u00fc\u015fteri memnuniyeti hedeflerimize tek tek ula\u015fma gayesiyle Merkez Ankastre kuruldu. Daha \u00f6nce Franke, Dominox, Teka, Vinola ve Siemens &nbsp;markalar\u0131nda kazan\u0131lan tecr\u00fcbeyle Konya'n\u0131n yeni ve uygun fiyat garantisiyle se\u00e7kin firmalar\u0131ndan biri olmak istedik. M\u00fc\u015fteri odakl\u0131 \u00e7al\u0131\u015fma prensiplerimizle marka de\u011feri ta\u015f\u0131yarak, sizlere istedi\u011finiz \u00fcr\u00fcn\u00fc g\u00fcn\u00fcnde hesapl\u0131 ve kaliteli g\u00f6ndermek \u00fczere \u00e7al\u0131\u015fmaktay\u0131z.<!--{\/content}--><\/div><\/div><!--[\/html]-->\n","protected":false},"excerpt":{"rendered":"","protected":false},"author":1,"featured_media":0,"parent":0,"menu_order":0,"comment_status":"closed","ping_status":"closed","template":"","meta":{"footnotes":""},"class_list":["post-11","page","type-page","status-publish","hentry"],"_links":{"self":[{"href":"https:\/\/merkezankastre.com\/index.php\/wp-json\/wp\/v2\/pages\/11","targetHints":{"allow":["GET"]}}],"collection":[{"href":"https:\/\/merkezankastre.com\/index.php\/wp-json\/wp\/v2\/pages"}],"about":[{"href":"https:\/\/merkezankastre.com\/index.php\/wp-json\/wp\/v2\/types\/page"}],"author":[{"embeddable":true,"href":"https:\/\/merkezankastre.com\/index.php\/wp-json\/wp\/v2\/users\/1"}],"replies":[{"embeddable":true,"href":"https:\/\/merkezankastre.com\/index.php\/wp-json\/wp\/v2\/comments?post=11"}],"version-history":[{"count":2,"href":"https:\/\/merkezankastre.com\/index.php\/wp-json\/wp\/v2\/pages\/11\/revisions"}],"predecessor-version":[{"id":35,"href":"https:\/\/merkezankastre.com\/index.php\/wp-json\/wp\/v2\/pages\/11\/revisions\/35"}],"wp:attachment":[{"href":"https:\/\/merkezankastre.com\/index.php\/wp-json\/wp\/v2\/media?parent=11"}],"curies":[{"name":"wp","href":"https:\/\/api.w.org\/{rel}","templated":true}]}}