{"id":13,"date":"2019-11-27T10:40:13","date_gmt":"2019-11-27T07:40:13","guid":{"rendered":"http:\/\/merkezankastre.com\/?page_id=13"},"modified":"2019-11-27T13:07:17","modified_gmt":"2019-11-27T10:07:17","slug":"iletisim","status":"publish","type":"page","link":"https:\/\/merkezankastre.com\/index.php\/iletisim\/","title":{"rendered":"\u0130LET\u0130\u015e\u0130M"},"content":{"rendered":"<!--[fluid]--><!--{content}-->    <!--[section]-->\n\t\t<style>\n.bd-section-505884651{\n\tline-height:  27.2px;\n\tcolor:  #333333;\n\tletter-spacing:  1px;\n\tfont-size:  16px;\n\ttext-align:  right;\n}\n.bd-section-505884651 h4{\n\tfont-style:  normal;\n}\n.bd-section-505884651 h3{\n\tline-height:  18px;\n\tfont-size:  18px;\n\tletter-spacing:  2px;\n\tfont-style:  normal;\n\tcolor:  #333333;\n\tfont-weight:  600;\n\ttext-transform:  uppercase;\n}\n<\/style>\t\t<section id=section4 class=\" bd-section-505884651 bd-page-width bd-custom-image bd-imagestyles-22-mixin bd-tagstyles\" data-section-title=\"Contacts Map Two Columns\">\n\t\t\t<div class=\"bd-container-inner bd-margins clearfix\">\n\t\t\t\t<!--{content}-->\n\t\t\t\t\t<!--[fluid_1]--><!--{content}-->    <!--[columns]-->\n        <style>\n@media (max-width: 991px) {.bd-layoutcontainer-1689241039{height:auto;}}<\/style><style>\n.bd-layoutcontainer-1689241039 > .bd-container-inner > .container-fluid > .row{height:100%;margin:0px;}\n.bd-layoutcontainer-1689241039 > .bd-container-inner > .container-fluid > .row > div{padding:0px;}\n.bd-layoutcontainer-1689241039  > .bd-container-inner > .container-fluid:after{display:none;}<\/style><style>\n.bd-layoutcontainer-1689241039 > .bd-container-inner > .container-fluid, .bd-layoutcontainer-1689241039 > .bd-container-inner > .container-fluid > .row{height:100%;}<\/style><style>.bd-layoutcontainer-1689241039 > .bd-container-inner > .container-fluid {padding-left: 0; padding-right: 0;margin-left: 0!important; margin-right: 0!important;}<\/style>        <style>\n.bd-layoutcolumn-718905329{background-color:#555555;background-image:linear-gradient(45deg, #f3f3f3 37%, #d4d4d4 100%);background-image:-webkit-linear-gradient(45deg, #f3f3f3 37%, #d4d4d4 100%);background-image:-o-linear-gradient(45deg, #f3f3f3 37%, #d4d4d4 100%);background-image:-ms-linear-gradient(45deg, #f3f3f3 37%, #d4d4d4 100%);background-image:-moz-linear-gradient(45deg, #f3f3f3 37%, #d4d4d4 100%);background-repeat:repeat;background-attachment:scroll;background-position:0% 0%;padding:10%;}<\/style>        <div class=\" bd-layoutcontainer-1689241039 bd-page-width  bd-columns bd-no-margins\">\n            <div class=\"bd-container-inner\">\n                <div class=\"container-fluid\">\n                    <div class=\"row bd-row-flex bd-row-align-top\">\n                        <!--{content}-->\n                                <!--[column]-->\n        <div class=\"col-md-6 bd-columnwrapper-718905329\">\n            <div class=\"bd-column  bd-layoutcolumn-718905329 \">\n                <div class=\"bd-vertical-align-wrapper\">\n                    <!--{content}-->\n                        <!--[icon]--><style>\n.additional-class-1826420202{float:right;margin-top:0.5em;margin-left:2em;}\n@media (max-width: 767px) {.additional-class-1826420202{float:none;margin-bottom:2em;}}<\/style><style>.additional-class-1826420202 {\n                    text-decoration: inherit;\n\t                display: inline-block;\n\t                speak: none;\n\t            }\n\n                .additional-class-1826420202:before {\n                    font-family: 'Billion Web Font';\n\t                font-style: normal;\n\t                font-weight: normal;\n\t                text-decoration: inherit;\n\t                text-align: center;\n\t                text-transform: none;\n\t                width: 1em;\n                }.additional-class-1826420202:before { content: '\\129'; }.additional-class-1826420202:before {width: auto; visibility: inherit;}.additional-class-1826420202:before{display: inline-block;}<\/style><style>\n.additional-class-1826420202:before{color:#333333;font-size:36px;line-height:51.42857144px;}<\/style><style>.additional-class-1826420202:before{line-height: 36px;}<\/style><style>.additional-class-1826420202:before {\n        vertical-align: middle;\n        text-decoration: none;\n    }<\/style><style>.additional-class-1826420202:hover {\n                    text-decoration: inherit;\n\t                display: inline-block;\n\t                speak: none;\n\t            }\n\n                .additional-class-1826420202:hover:before {\n                    font-family: 'Billion Web Font';\n\t                font-style: normal;\n\t                font-weight: normal;\n\t                text-decoration: inherit;\n\t                text-align: center;\n\t                text-transform: none;\n\t                width: 1em;\n                }.additional-class-1826420202:hover:before {width: auto; visibility: inherit;}.additional-class-1826420202:hover:before{display: inline-block;}<\/style><style>.additional-class-1826420202:hover:before {\n        vertical-align: middle;\n        text-decoration: none;\n    }<\/style><span class=\"bd-icon  additional-class-1826420202  bd-no-margins bd-own-margins\"><!--{content}--><!--{\/content}--><\/span><!--[\/icon]-->\n\t\n\t\t    <!--[text]-->\n        <style>\n.additional-class-1298229056{margin:0px;}<\/style>        <h3 class=\" additional-class-1298229056  bd-no-margins bd-content-element\">\n            <!--{content}-->\n                ADRES            <!--{\/content}-->\n        <\/h3>\n    <!--[\/text]-->\n\n\t\n\t\t    <!--[text]-->\n        <style>\n.additional-class-2084176217{overflow:hidden;}<\/style>        <p class=\" additional-class-2084176217  bd-content-element\">\n            <!--{content}-->\n                Karaci\u011fan Mahallesi Ali Ulvi Kurucu Caddesi No: 113\/A<br>42050 Karatay \/ Konya            <!--{\/content}-->\n        <\/p>\n    <!--[\/text]-->\n\n\t\n\t\t\n    <!--[separator]-->\n    <style>\n.bd-separator-393589757{padding-top:1em;padding-bottom:1em;clear:both;}<\/style>        <style>\n.bd-separator-393589757 .bd-separator-inner:before, .bd-separator-393589757 .bd-separator-inner:after{border-top:1px solid #333333;}<\/style>    <style>\n.bd-separator-393589757 .bd-separator-inner{width:100%;}<\/style>\n    <div class=\" bd-separator-393589757  bd-separator-left bd-separator-content-center clearfix\">\n        <div class=\"bd-container-inner\">\n            <div class=\"bd-separator-inner\">\n                                <!--{content}--><!--{\/content}-->\n            <\/div>\n        <\/div>\n    <\/div>\n    <!--[\/separator]-->\n\n    \n\t\n\t\t<!--[icon]--><style>\n.additional-class-1948828608{float:right;margin-top:0.5em;margin-left:2em;}\n@media (max-width: 767px) {.additional-class-1948828608{float:none;margin-bottom:2em;}}<\/style><style>.additional-class-1948828608 {\n                    text-decoration: inherit;\n\t                display: inline-block;\n\t                speak: none;\n\t            }\n\n                .additional-class-1948828608:before {\n                    font-family: 'Billion Web Font';\n\t                font-style: normal;\n\t                font-weight: normal;\n\t                text-decoration: inherit;\n\t                text-align: center;\n\t                text-transform: none;\n\t                width: 1em;\n                }.additional-class-1948828608:before { content: '\\157'; }.additional-class-1948828608:before {width: auto; visibility: inherit;}.additional-class-1948828608:before{display: inline-block;}<\/style><style>\n.additional-class-1948828608:before{color:#333333;font-size:36px;line-height:51.42857144px;}<\/style><style>.additional-class-1948828608:before{line-height: 36px;}<\/style><style>.additional-class-1948828608:before {\n        vertical-align: middle;\n        text-decoration: none;\n    }<\/style><style>.additional-class-1948828608:hover {\n                    text-decoration: inherit;\n\t                display: inline-block;\n\t                speak: none;\n\t            }\n\n                .additional-class-1948828608:hover:before {\n                    font-family: 'Billion Web Font';\n\t                font-style: normal;\n\t                font-weight: normal;\n\t                text-decoration: inherit;\n\t                text-align: center;\n\t                text-transform: none;\n\t                width: 1em;\n                }.additional-class-1948828608:hover:before {width: auto; visibility: inherit;}.additional-class-1948828608:hover:before{display: inline-block;}<\/style><style>.additional-class-1948828608:hover:before {\n        vertical-align: middle;\n        text-decoration: none;\n    }<\/style><span class=\"bd-icon  additional-class-1948828608  bd-no-margins bd-own-margins\"><!--{content}--><!--{\/content}--><\/span><!--[\/icon]-->\n\t\n\t\t    <!--[text]-->\n        <style>\n.additional-class-2050256848{margin:0px;}<\/style>        <h3 class=\" additional-class-2050256848  bd-no-margins bd-content-element\">\n            <!--{content}-->\n                E-maIl            <!--{\/content}-->\n        <\/h3>\n    <!--[\/text]-->\n\n\t\n\t\t    <!--[text]-->\n        <style>\n.additional-class-1419748764{overflow:hidden;}<\/style>        <p class=\" additional-class-1419748764  bd-content-element\">\n            <!--{content}-->\n                merkezankastre@gmail.com            <!--{\/content}-->\n        <\/p>\n    <!--[\/text]-->\n\n\t\n\t\t\n    <!--[separator]-->\n    <style>\n.bd-separator-648124629{padding-top:1em;padding-bottom:1em;clear:both;}<\/style>        <style>\n.bd-separator-648124629 .bd-separator-inner:before, .bd-separator-648124629 .bd-separator-inner:after{border-top:1px solid #333333;}<\/style>    <style>\n.bd-separator-648124629 .bd-separator-inner{width:100%;}<\/style>\n    <div class=\" bd-separator-648124629  bd-separator-left bd-separator-content-center clearfix\">\n        <div class=\"bd-container-inner\">\n            <div class=\"bd-separator-inner\">\n                                <!--{content}--><!--{\/content}-->\n            <\/div>\n        <\/div>\n    <\/div>\n    <!--[\/separator]-->\n\n    \n\t\n\t\t<!--[icon]--><style>\n.additional-class-2098563053{float:right;margin-top:0.5em;margin-left:2em;}\n@media (max-width: 767px) {.additional-class-2098563053{float:none;margin-bottom:2em;}}<\/style><style>.additional-class-2098563053 {\n                    text-decoration: inherit;\n\t                display: inline-block;\n\t                speak: none;\n\t            }\n\n                .additional-class-2098563053:before {\n                    font-family: 'Billion Web Font';\n\t                font-style: normal;\n\t                font-weight: normal;\n\t                text-decoration: inherit;\n\t                text-align: center;\n\t                text-transform: none;\n\t                width: 1em;\n                }.additional-class-2098563053:before { content: '\\288'; }.additional-class-2098563053:before {width: auto; visibility: inherit;}.additional-class-2098563053:before{display: inline-block;}<\/style><style>\n.additional-class-2098563053:before{color:#333333;font-size:36px;line-height:51.42857144px;}<\/style><style>.additional-class-2098563053:before{line-height: 36px;}<\/style><style>.additional-class-2098563053:before {\n        vertical-align: middle;\n        text-decoration: none;\n    }<\/style><style>.additional-class-2098563053:hover {\n                    text-decoration: inherit;\n\t                display: inline-block;\n\t                speak: none;\n\t            }\n\n                .additional-class-2098563053:hover:before {\n                    font-family: 'Billion Web Font';\n\t                font-style: normal;\n\t                font-weight: normal;\n\t                text-decoration: inherit;\n\t                text-align: center;\n\t                text-transform: none;\n\t                width: 1em;\n                }.additional-class-2098563053:hover:before {width: auto; visibility: inherit;}.additional-class-2098563053:hover:before{display: inline-block;}<\/style><style>.additional-class-2098563053:hover:before {\n        vertical-align: middle;\n        text-decoration: none;\n    }<\/style><span class=\"bd-icon  additional-class-2098563053  bd-no-margins bd-own-margins\"><!--{content}--><!--{\/content}--><\/span><!--[\/icon]-->\n\t\n\t\t    <!--[text]-->\n        <style>\n.additional-class-2125503604{margin:0px;}<\/style>        <h3 class=\" additional-class-2125503604  bd-no-margins bd-content-element\">\n            <!--{content}-->\n                TELEFON            <!--{\/content}-->\n        <\/h3>\n    <!--[\/text]-->\n\n\t\n\t\t    <!--[text]-->\n        <style>\n.additional-class-1559555590{overflow:hidden;}<\/style>        <p class=\" additional-class-1559555590  bd-content-element\">\n            <!--{content}-->\n                +90 332 235 65 35<br>+90 532 242 16 93<br>            <!--{\/content}-->\n        <\/p>\n    <!--[\/text]-->\n                    <!--{\/content}-->\n                <\/div>\n            <\/div>\n        <\/div>\n    <!--[\/column]-->\n\n\t\n\t\t    <!--[column]-->\n        <div class=\"col-md-6 bd-columnwrapper-1958753787\">\n            <div class=\"bd-column  bd-layoutcolumn-1958753787 \">\n                <div class=\"bd-vertical-align-wrapper\">\n                    <!--{content}-->\n                            <!--[googlemap]-->\n        <style>\n            .additional-class-768480032 {\n                height: 300px;\n                width: 100%;\n                display: block;\n            }\n        <\/style>\n        <style>\n.additional-class-768480032{height:467px;width:100%;display:block;}<\/style>        <div class=\"bd-imagestyles  additional-class-768480032  bd-own-margins\">\n            <div class=\"embed-responsive\" style=\"height: 100%; width: 100%;\">\n                <iframe class=\"embed-responsive-item\" src=\"\/\/maps.google.com\/maps?output=embed&q=Karaci\u011fan Mahallesi Ali Ulvi Kurucu Caddesi No: 113\/A 42050 Karatay \/ Konya&z=18&t=m&hl=tr\">\n                <\/iframe>\n            <\/div>\n        <\/div>\n    <!--[\/googlemap]-->\n                    <!--{\/content}-->\n                <\/div>\n            <\/div>\n        <\/div>\n    <!--[\/column]-->\n                        <!--{\/content}-->\n                    <\/div>\n                <\/div>\n            <\/div>\n        <\/div>\n    <!--[\/columns]-->\n<!--{\/content}--><!--[\/fluid_1]-->\t\t\t\t<!--{\/content}-->\n\t\t\t<\/div>\n\t\t<\/section>\n\t<!--[\/section]-->\n<!--{\/content}--><!--[\/fluid]-->\n","protected":false},"excerpt":{"rendered":"","protected":false},"author":1,"featured_media":0,"parent":0,"menu_order":0,"comment_status":"closed","ping_status":"closed","template":"","meta":{"footnotes":""},"class_list":["post-13","page","type-page","status-publish","hentry"],"_links":{"self":[{"href":"https:\/\/merkezankastre.com\/index.php\/wp-json\/wp\/v2\/pages\/13","targetHints":{"allow":["GET"]}}],"collection":[{"href":"https:\/\/merkezankastre.com\/index.php\/wp-json\/wp\/v2\/pages"}],"about":[{"href":"https:\/\/merkezankastre.com\/index.php\/wp-json\/wp\/v2\/types\/page"}],"author":[{"embeddable":true,"href":"https:\/\/merkezankastre.com\/index.php\/wp-json\/wp\/v2\/users\/1"}],"replies":[{"embeddable":true,"href":"https:\/\/merkezankastre.com\/index.php\/wp-json\/wp\/v2\/comments?post=13"}],"version-history":[{"count":2,"href":"https:\/\/merkezankastre.com\/index.php\/wp-json\/wp\/v2\/pages\/13\/revisions"}],"predecessor-version":[{"id":42,"href":"https:\/\/merkezankastre.com\/index.php\/wp-json\/wp\/v2\/pages\/13\/revisions\/42"}],"wp:attachment":[{"href":"https:\/\/merkezankastre.com\/index.php\/wp-json\/wp\/v2\/media?parent=13"}],"curies":[{"name":"wp","href":"https:\/\/api.w.org\/{rel}","templated":true}]}}